{"id":387,"date":"2019-04-02T16:09:17","date_gmt":"2019-04-02T16:09:17","guid":{"rendered":"https:\/\/nisserskahuset.se\/?page_id=387"},"modified":"2022-02-09T13:00:14","modified_gmt":"2022-02-09T13:00:14","slug":"valkommen-3","status":"publish","type":"page","link":"https:\/\/nisserskahuset.se\/","title":{"rendered":"V\u00e4lkommen!"},"content":{"rendered":"\n<p>Vi \u00e4r Faluns st\u00f6rsta atelj\u00e9f\u00f6rening och hyser 14 atelj\u00e9er d\u00e4r \u00f6ver 20  personer bedriver skiftande verksamhet, ett litet snickeri och  gemensamt k\u00f6k. F\u00f6r mer info om  konstn\u00e4rerna som h\u00e5ller till i huset,  klicka p\u00e5 fliken \u201dMedlemmar\u201d! <\/p>\n\n\n\n<figure class=\"wp-block-image\"><img loading=\"lazy\" decoding=\"async\" width=\"426\" height=\"638\" src=\"https:\/\/nisserskahuset.se\/wp-content\/uploads\/2019\/04\/hemsidan.jpeg\" alt=\"\" class=\"wp-image-297\" srcset=\"https:\/\/nisserskahuset.se\/wp-content\/uploads\/2019\/04\/hemsidan.jpeg 426w, https:\/\/nisserskahuset.se\/wp-content\/uploads\/2019\/04\/hemsidan-200x300.jpeg 200w\" sizes=\"auto, (max-width: 426px) 100vw, 426px\" \/><\/figure>\n","protected":false},"excerpt":{"rendered":"<p>Vi \u00e4r Faluns st\u00f6rsta atelj\u00e9f\u00f6rening och hyser 14 atelj\u00e9er d\u00e4r \u00f6ver 20 personer bedriver skiftande verksamhet, ett litet snickeri och gemensamt k\u00f6k. F\u00f6r mer info om konstn\u00e4rerna som h\u00e5ller till i huset, klicka p\u00e5 fliken \u201dMedlemmar\u201d!<\/p>\n","protected":false},"author":1,"featured_media":0,"parent":0,"menu_order":1,"comment_status":"closed","ping_status":"closed","template":"","meta":{"footnotes":""},"class_list":["post-387","page","type-page","status-publish","hentry"],"_links":{"self":[{"href":"https:\/\/nisserskahuset.se\/index.php?rest_route=\/wp\/v2\/pages\/387","targetHints":{"allow":["GET"]}}],"collection":[{"href":"https:\/\/nisserskahuset.se\/index.php?rest_route=\/wp\/v2\/pages"}],"about":[{"href":"https:\/\/nisserskahuset.se\/index.php?rest_route=\/wp\/v2\/types\/page"}],"author":[{"embeddable":true,"href":"https:\/\/nisserskahuset.se\/index.php?rest_route=\/wp\/v2\/users\/1"}],"replies":[{"embeddable":true,"href":"https:\/\/nisserskahuset.se\/index.php?rest_route=%2Fwp%2Fv2%2Fcomments&post=387"}],"version-history":[{"count":6,"href":"https:\/\/nisserskahuset.se\/index.php?rest_route=\/wp\/v2\/pages\/387\/revisions"}],"predecessor-version":[{"id":459,"href":"https:\/\/nisserskahuset.se\/index.php?rest_route=\/wp\/v2\/pages\/387\/revisions\/459"}],"wp:attachment":[{"href":"https:\/\/nisserskahuset.se\/index.php?rest_route=%2Fwp%2Fv2%2Fmedia&parent=387"}],"curies":[{"name":"wp","href":"https:\/\/api.w.org\/{rel}","templated":true}]}}